{"id":128,"date":"2024-11-29T15:35:56","date_gmt":"2024-11-29T14:35:56","guid":{"rendered":"https:\/\/k2consult.pl\/strona-glowna\/"},"modified":"2025-01-28T08:19:20","modified_gmt":"2025-01-28T07:19:20","slug":"strona-glowna","status":"publish","type":"page","link":"https:\/\/k2consult.pl\/en\/","title":{"rendered":"Home"},"content":{"rendered":"\n<section id=\"\" class=\"hero acf-block acf-block-id-block_1dbe612eb70540f0365da34bb173cccd \">\n\n\t<div class=\"container\">\n\t\t<div class=\"row\">\n\t\t\t<div class=\"col-12 col-lg-8 col-xl-7 offset-xl-1\">\n\t\t\t\t\t\t\t\t\t<h3 class=\"hero__label label\">TOGETHER TO THE SUMMIT!<\/h3>\n\t\t\t\t\t\t\t\t\t\t\t\t\t<h1 class=\"hero__headline title\">Accounting and complete <strong>SUPPORT FOR BUSINESSES<\/strong><\/h1>\n\t\t\t\t\t\t\t\t\t\t\t\t\t<div class=\"hero__desc txt\"><p>We are a trusted partner <strong>in accounting and comprehensive business consulting<\/strong> for your company<\/p>\n<\/div>\n\t\t\t\t\t\t\t\t\t\t\t\t\t<a href=\"#contact\" class=\"btn\"><span>Book a consultation<\/span><\/a>\n\t\t\t\t\t\t\t<\/div>\n\t\t\t<div class=\"col-12 col-lg-3 col-xl-2 offset-lg-1 col-flex-end\">\n\t\t\t\t<a href=\"#boks\" class=\"scroller-down\">\n\t<div>\n\t\t<span>Scroll down<\/span>\n\t\t<br>\n\t\t<span>and get to know us<\/span>\n\t<\/div>\n\t<i class=\"fa-sharp fa-solid fa-arrow-down\"><\/i>\n<\/a>\n\t\t\t<\/div>\n\t\t<\/div>\n\t\t<div class=\"row\">\n\t\t\t<div class=\"col-12\">\n\t\t\t\t\t\t\t\t\t<div class=\"hero__img\">\n\t\t\t\t\t\t\t\t\t\t\t\t<picture>\n\t\t\t\t\t\t\t<source srcset=\"https:\/\/k2consult.pl\/app\/uploads\/2024\/12\/img-gory-1-390x192-c-default.webp 1x,\n\t\t\t\t\t\t\t\t\thttps:\/\/k2consult.pl\/app\/uploads\/2024\/12\/img-gory-1-780x384-c-default.webp 2x\" media=\"(max-width: 767px)\">\n\t\t\t\t\t\t\t<source srcset=\"https:\/\/k2consult.pl\/app\/uploads\/2024\/12\/img-gory-1-1320x380-c-default.webp 1x,\n\t\t\t\t\t\t\t\t\thttps:\/\/k2consult.pl\/app\/uploads\/2024\/12\/img-gory-1-2640x760-c-default.webp 2x\" media=\"(min-width:768px)\">\n\t\t\t\t\t\t\t<img decoding=\"async\" src=\"https:\/\/k2consult.pl\/app\/uploads\/2024\/12\/img-gory-1-1320x380-c-default.webp\" alt=\"\"\n\t\t\t\t\t\t\t\t srcset=\"https:\/\/k2consult.pl\/app\/uploads\/2024\/12\/img-gory-1-1320x380-c-default.webp 1x,\n\t\t\t\t\t\t\t\t\thttps:\/\/k2consult.pl\/app\/uploads\/2024\/12\/img-gory-1-2640x760-c-default.webp 2x\">\n\t\t\t\t\t\t<\/picture>\n\t\t\t\t\t\t<div class=\"hero__inner-img\">\n\t\t\t\t\t\t\t<img decoding=\"async\" src=\"https:\/\/k2consult.pl\/app\/themes\/bkwp\/assets\/images\/writing.png\" alt=\"napis h2 consult\">\n\t\t\t\t\t\t<\/div>\n\t\t\t\t\t<\/div>\n\t\t\t\t\t\t\t<\/div>\n\t\t<\/div>\n\t\t<div class=\"row\" data-aos=\"fade-up\" data-aos-offset=\"200\">\n\t\t\t<div class=\"col-12\">\n\t\t\t\t<div id=\"boks\" class=\"hero__box\">\n\t\t\t\t\t<div class=\"hero__inner-box\">\n\t\t\t\t\t\t\t\t\t\t\t\t\t<h2 class=\"hero__box-headline title title--m\">Trusted partner <strong>in accounting &#038; business<\/strong><\/h2>\n\t\t\t\t\t\t\t\t\t\t\t\t\t\t\t\t\t\t\t<div class=\"hero__txt txt txt--first-paragraph-big\"><p><strong>At K2 Consult, we are your reliable partner in accounting and comprehensive business consulting, dedicated to supporting the growth of companies in every aspect of their operations.<\/strong><\/p>\n<p><strong>We have extensive experience in accounting services for businesses of all sizes<\/strong> \u2013 from small to medium and large companies, employing anywhere from a few to dozens of employees or contractors. We work with firms managing business ledgers as well as tax revenue and expense books, and we are no strangers to collaborating with individual entrepreneurs.<\/p>\n<p><strong>Our skills, knowledge, and expertise, developed over years of running our own company<\/strong> and working in large financial corporations, ensure the quality of our services and reliable support for your business.<\/p>\n<ul>\n<li><strong>We understand the challenges entrepreneurs face today.<\/strong> Our goal is to help you overcome them, giving you comfort and peace of mind.<\/li>\n<li>We provide <strong>a personalized approach to each client<\/strong> and their business.<\/li>\n<li>We make sure everyone <strong>feels taken care of.<\/strong><\/li>\n<li>We bring <strong>enthusiasm and belief in people<\/strong> when working with you.<\/li>\n<li>We never forget the importance of <strong>balance in life and business.<\/strong><\/li>\n<\/ul>\n<p>Our motto: <strong>\u201cWe care for you as we would care for ourselves!\u201d<\/strong><\/p>\n<\/div>\n\t\t\t\t\t\t\t\t\t\t\t<\/div>\n\t\t\t\t<\/div>\n\t\t\t<\/div>\n\t\t<\/div>\n\t<\/div>\n\n<\/section>\n\n\n\n<section id=\"o-firmie\" class=\"header-with-description acf-block acf-block-id-block_4d086546daa5671b06b811c6a94090d0 \">\n\n\t<div class=\"header-with-description__wrapper\">\n\t\t<div class=\"container\">\n\t\t\t<div class=\"row\" data-aos=\"fade-up\" data-aos-offset=\"200\">\n\t\t\t\t<div class=\"col-12 col-lg-4 offset-lg-1\">\n\t\t\t\t\t\t\t\t\t\t\t<h2 class=\"header-with-description__headline title title--s\"><strong>Together<br>to the summit!<\/strong><\/h2>\n\t\t\t\t\t\t\t\t\t<\/div>\n\t\t\t\t<div class=\"col-12 col-lg-6\">\n\t\t\t\t\t\t\t\t\t\t\t<div class=\"header-with-description__txt txt\"><p>Our team of experienced specialists offers professional accounting services <strong>that ensure full compliance with regulations and financial transparency,<\/strong> allowing you to focus on what truly matters \u2013 growing your business.<\/p>\n<p>Through <strong>our dedicated consultations, tailored to your specific needs, we help businesses discover new possibilities, improve efficiency, and reach their goals.<\/strong><\/p>\n<p>By choosing K2 Consult, <strong>you gain not only reliable accounting and HR support but also access to experienced advisors<\/strong> who assist you in your daily business.<\/p>\n<\/div>\n\t\t\t\t\t\t\t\t\t<\/div>\n\t\t\t<\/div>\n\t\t<\/div>\n\t<\/div>\n\n<\/section>\n\n\n\n<section id=\"oferta\" class=\"listing acf-block acf-block-id-block_f7ba2e90fe7be3f770ca624297405944 \">\n\n\t<div class=\"container\">\n\t\t<div class=\"row\">\n\t\t\t<div class=\"col-12 col-lg-5 offset-lg-1\">\n\t\t\t\t<div class=\"listing__wrapper\" data-aos=\"fade-up\" data-aos-offset=\"200\">\n\t\t\t\t\t\t\t\t\t\t\t<h3 class=\"listing__label label-green\">Our offer<\/h3>\n\t\t\t\t\t\n\t\t\t\t\t\t\t\t\t\t\t<h2 class=\"listing__headline title title--m title--white\">at k2 consult <strong>we provide comprehensive solutions<\/strong><\/h2>\n\t\t\t\t\t\n\t\t\t\t\t\t\t\t\t\t\t<div class=\"listing__desc txt txt--white txt--fw600 txt--fz20\"><p>At K2 Consult, we offer a full range of accounting, payroll, and HR services, as well as professional business consulting, helping you operate efficiently and grow in today\u2019s competitive market.<\/p>\n<\/div>\n\t\t\t\t\t\n\t\t\t\t\t\t\t\t\t\t\t<a href=\"#contact\" class=\"btn btn--transparent listing__btn\"><span>Book a consultation<\/span><\/a>\n\t\t\t\t\t\t\t\t\t<\/div>\n\t\t\t<\/div>\n\n\t\t\t<div class=\"col-12 col-lg-5 offset-lg-1 col-mt-40\">\n\t\t\t\t\t\t\t\t\t<h3 class=\"listing__label label-green\">How can we help you?<\/h3>\n\t\t\t\t\n\t\t\t\t<div class=\"listing__list\">\n\t\t\t\t\t\t\t\t\t\t\t<div data-aos=\"fade-up\" data-aos-offset=\"200\" data-aos-delay=\"0\" class=\"listing-item \">\n\t<i class=\"fa-sharp fa-light fa-id-card\"><\/i>\n\t<div class=\"listing-item__wrapper\">\n\t\t\t\t\t\t\t<div class=\"listing-item__txt\"><p>We advise you on choosing the right form of business and assist with registration.<\/p>\n<\/div>\n\t\t\t<\/div>\n<\/div>\n\t\t\t\t\t\t\t\t\t\t\t<div data-aos=\"fade-up\" data-aos-offset=\"200\" data-aos-delay=\"100\" class=\"listing-item \">\n\t<i class=\"fa-sharp fa-light fa-calculator\"><\/i>\n\t<div class=\"listing-item__wrapper\">\n\t\t\t\t\t\t\t<div class=\"listing-item__txt\"><p>We provide ongoing support for your accounting and HR processes.<\/p>\n<\/div>\n\t\t\t<\/div>\n<\/div>\n\t\t\t\t\t\t\t\t\t\t\t<div data-aos=\"fade-up\" data-aos-offset=\"200\" data-aos-delay=\"200\" class=\"listing-item \">\n\t<i class=\"fa-sharp fa-light fa-receipt\"><\/i>\n\t<div class=\"listing-item__wrapper\">\n\t\t\t\t\t\t\t<div class=\"listing-item__txt\"><p>We handle ongoing tax reporting, including PIT, CIT, e-CIT, VAT, VAT-EU, and other regulatory liabilities.<\/p>\n<\/div>\n\t\t\t<\/div>\n<\/div>\n\t\t\t\t\t\t\t\t\t\t\t<div data-aos=\"fade-up\" data-aos-offset=\"200\" data-aos-delay=\"300\" class=\"listing-item \">\n\t<i class=\"fa-sharp fa-light fa-coins\"><\/i>\n\t<div class=\"listing-item__wrapper\">\n\t\t\t\t\t\t\t<div class=\"listing-item__txt\"><p>We manage payroll for employment contracts, civil law contracts, and all reporting to institutions such as ZUS, US, GUS, and other public bodies related to employment and salaries. We maintain regular contact with relevant authorities on your behalf.<\/p>\n<\/div>\n\t\t\t<\/div>\n<\/div>\n\t\t\t\t\t\t\t\t\t\t\t<div data-aos=\"fade-up\" data-aos-offset=\"200\" data-aos-delay=\"400\" class=\"listing-item \">\n\t<i class=\"fa-sharp fa-light fa-bank\"><\/i>\n\t<div class=\"listing-item__wrapper\">\n\t\t\t\t\t\t\t<div class=\"listing-item__txt\"><p>We help you choose the right bank, secure financing, and prepare the necessary documentation. We stay in contact with the bank at every stage, right up to the approval and release of funds.<\/p>\n<\/div>\n\t\t\t<\/div>\n<\/div>\n\t\t\t\t\t\t\t\t\t\t\t<div data-aos=\"fade-up\" data-aos-offset=\"200\" data-aos-delay=\"500\" class=\"listing-item \">\n\t<i class=\"fa-sharp fa-light fa-cars\"><\/i>\n\t<div class=\"listing-item__wrapper\">\n\t\t\t\t\t\t\t<div class=\"listing-item__txt\"><p>We assist you in finding the best options for leasing, factoring, insurance, and purchasing a fleet of company vehicles.<\/p>\n<\/div>\n\t\t\t<\/div>\n<\/div>\n\t\t\t\t\t\t\t\t\t\t\t<div data-aos=\"fade-up\" data-aos-offset=\"200\" data-aos-delay=\"600\" class=\"listing-item \">\n\t<i class=\"fa-sharp fa-light fa-book-section\"><\/i>\n\t<div class=\"listing-item__wrapper\">\n\t\t\t\t\t\t\t<div class=\"listing-item__txt\"><p>Through trusted and proven legal advisors and notaries, we offer legal and notarial support.<\/p>\n<\/div>\n\t\t\t<\/div>\n<\/div>\n\t\t\t\t\t\t\t\t\t\t\t<div data-aos=\"fade-up\" data-aos-offset=\"200\" data-aos-delay=\"700\" class=\"listing-item \">\n\t<i class=\"fa-sharp fa-light fa-chart-simple\"><\/i>\n\t<div class=\"listing-item__wrapper\">\n\t\t\t\t\t\t\t<div class=\"listing-item__txt\"><p>We also provide services for verifying accounting records and auditing financial statements through our partnerships with certified auditors.<\/p>\n<\/div>\n\t\t\t<\/div>\n<\/div>\n\t\t\t\t\t\t\t\t\t\t\t<div data-aos=\"fade-up\" data-aos-offset=\"200\" data-aos-delay=\"800\" class=\"listing-item \">\n\t<i class=\"fa-sharp fa-light fa-language\"><\/i>\n\t<div class=\"listing-item__wrapper\">\n\t\t\t\t\t\t\t<div class=\"listing-item__txt\"><p>We speak English and collaborate with Ukrainian language translators.<\/p>\n<\/div>\n\t\t\t<\/div>\n<\/div>\n\t\t\t\t\t\t\t\t\t<\/div>\n\t\t\t<\/div>\n\t\t<\/div>\n\t<\/div>\n\n<\/section>\n\n\n\n<section id=\"\" class=\"listing acf-block acf-block-id-block_1dee8a400180c27269bf8efe915eb3c4 \">\n\n\t<div class=\"container\">\n\t\t<div class=\"row\">\n\t\t\t<div class=\"col-12 col-lg-5 offset-lg-1\">\n\t\t\t\t<div class=\"listing__wrapper\" data-aos=\"fade-up\" data-aos-offset=\"200\">\n\t\t\t\t\t\n\t\t\t\t\t\t\t\t\t\t\t<h2 class=\"listing__headline title title--m title--white\">By choosing <strong>k2 consult,<\/strong><\/h2>\n\t\t\t\t\t\n\t\t\t\t\t\t\t\t\t\t\t<div class=\"listing__desc txt txt--white txt--fw600 txt--fz20\"><p>you gain a trusted partner who combines solid financial expertise with a hands-on approach to business growth \u2013 so you can focus on achieving your goals.<\/p>\n<\/div>\n\t\t\t\t\t\n\t\t\t\t\t\t\t\t\t<\/div>\n\t\t\t<\/div>\n\n\t\t\t<div class=\"col-12 col-lg-5 offset-lg-1 col-mt-40\">\n\t\t\t\t\t\t\t\t\t<h3 class=\"listing__label label-green\">What makes us stand out?<\/h3>\n\t\t\t\t\n\t\t\t\t<div class=\"listing__list\">\n\t\t\t\t\t\t\t\t\t\t\t<div data-aos=\"fade-up\" data-aos-offset=\"200\" data-aos-delay=\"0\" class=\"listing-item \">\n\t<i class=\"fa-sharp fa-light fa-file-certificate\"><\/i>\n\t<div class=\"listing-item__wrapper\">\n\t\t\t\t\t<h4 class=\"listing-item__title\">Experience<\/h4>\n\t\t\t\t\t\t\t<div class=\"listing-item__txt\"><p>With years of knowledge and experience behind us, you can trust that you\u2019re in good hands.<\/p>\n<\/div>\n\t\t\t<\/div>\n<\/div>\n\t\t\t\t\t\t\t\t\t\t\t<div data-aos=\"fade-up\" data-aos-offset=\"200\" data-aos-delay=\"100\" class=\"listing-item \">\n\t<i class=\"fa-sharp fa-light fa-ear\"><\/i>\n\t<div class=\"listing-item__wrapper\">\n\t\t\t\t\t<h4 class=\"listing-item__title\">We listen<\/h4>\n\t\t\t\t\t\t\t<div class=\"listing-item__txt\"><p>We carefully listen to your needs and use that to offer you the best possible solutions.<\/p>\n<\/div>\n\t\t\t<\/div>\n<\/div>\n\t\t\t\t\t\t\t\t\t\t\t<div data-aos=\"fade-up\" data-aos-offset=\"200\" data-aos-delay=\"200\" class=\"listing-item \">\n\t<i class=\"fa-sharp fa-light fa-mountain\"><\/i>\n\t<div class=\"listing-item__wrapper\">\n\t\t\t\t\t<h4 class=\"listing-item__title\">Focused on your goals<\/h4>\n\t\t\t\t\t\t\t<div class=\"listing-item__txt\"><p>Your goals are our top priority \u2013 let\u2019s reach that summit together.<\/p>\n<\/div>\n\t\t\t<\/div>\n<\/div>\n\t\t\t\t\t\t\t\t\t\t\t<div data-aos=\"fade-up\" data-aos-offset=\"200\" data-aos-delay=\"300\" class=\"listing-item \">\n\t<i class=\"fa-sharp fa-light fa-bullseye-arrow\"><\/i>\n\t<div class=\"listing-item__wrapper\">\n\t\t\t\t\t<h4 class=\"listing-item__title\">On point<\/h4>\n\t\t\t\t\t\t\t<div class=\"listing-item__txt\"><p>We know exactly what it takes to achieve your financial and business goals.<\/p>\n<\/div>\n\t\t\t<\/div>\n<\/div>\n\t\t\t\t\t\t\t\t\t\t\t<div data-aos=\"fade-up\" data-aos-offset=\"200\" data-aos-delay=\"400\" class=\"listing-item \">\n\t<i class=\"fa-sharp fa-light fa-shield-check\"><\/i>\n\t<div class=\"listing-item__wrapper\">\n\t\t\t\t\t<h4 class=\"listing-item__title\">Your safety<\/h4>\n\t\t\t\t\t\t\t<div class=\"listing-item__txt\"><p>We stay up to date with legal regulations to ensure you feel safe and confident working with us.<\/p>\n<\/div>\n\t\t\t<\/div>\n<\/div>\n\t\t\t\t\t\t\t\t\t<\/div>\n\t\t\t<\/div>\n\t\t<\/div>\n\t<\/div>\n\n<\/section>\n\n\n\n<section id=\"contact\" class=\"contact acf-block acf-block-id-block_3ab829d31d5cad837710acdeda7cc8ec \">\n\n\t<div class=\"container\">\n\t\t<div class=\"row\">\n\t\t\t<div class=\"col-12 col-xl-5 offset-xl-1\" data-aos=\"fade-up\" data-aos-offset=\"200\">\n\t\t\t\t<div class=\"contact__wrapper\">\n\t\t\t\t\t\t\t\t\t\t\t<h3 class=\"contact__label label-green\">Contact us!<\/h3>\n\t\t\t\t\t\t\t\t\t\t\t\t\t\t\t\t<h2 class=\"contact__headline title title--m\">Book your<br><strong>free consultation<\/strong><\/h2>\n\t\t\t\t\t\t\t\t\t\t\t\t\t\t\t\t<div class=\"contact__txt txt txt--first-paragraph-big\"><p><strong>We\u2019ll discuss your current situation, plans, goals, and challenges, and then create an action plan for you and your business.<\/strong><\/p>\n<p>Reach out to us however it\u2019s most convenient for you: call us, send an email, or fill out the contact form, and we\u2019ll get back to you within 24 hours.<\/p>\n<\/div>\n\t\t\t\t\t\t\t\t\t\t<div class=\"contact__links\">\n\t\t\t\t\t\t<div class=\"contact__link\">\n\t\t\t\t\t\t\t\t\t\t\t\t\t\t\t<a href=\"tel:+48694122000\" class=\"header-mobile-link\"><i class=\"fa-sharp fa-regular fa-phone\"><\/i><\/a>\n\t\t\t\t\t\t\t\t\t\t\t\t\t\t<div class=\"contact__wrap\">\n\t\t\t\t\t\t\t\t<span>Phone<\/span>\n\t\t\t\t\t\t\t\t<a href=\"tel:+48694122000\">+48 694 122 000<\/a>\n\t\t\t\t\t\t\t<\/div>\n\t\t\t\t\t\t<\/div>\n\t\t\t\t\t\t<div class=\"contact__link\">\n\t\t\t\t\t\t\t\t\t\t\t\t\t\t\t<a href=\"mailto:biuro@k2consult.pl\" class=\"header-mobile-link\"><i class=\"fa-sharp fa-regular fa-envelope-open\"><\/i><\/a>\n\t\t\t\t\t\t\t\t<div class=\"contact__wrap\">\n\t\t\t\t\t\t\t\t\t<span>e-mail<\/span>\n\t\t\t\t\t\t\t\t\t<a href=\"mailto:biuro@k2consult.pl\">biuro@k2consult.pl<\/a>\n\t\t\t\t\t\t\t\t<\/div>\n\t\t\t\t\t\t\t\t\t\t\t\t\t<\/div>\n\t\t\t\t\t<\/div>\n\t\t\t\t<\/div>\n\t\t\t<\/div>\n\t\t\t<div class=\"col-12 col-xl-6\" data-aos=\"fade-up\" data-aos-offset=\"200\">\n\t\t\t\t<div class=\"contact__container\">\n\t\t\t\t\t\t\t\t\t\t\t<h3 class=\"contact__label label-green\">Fill out the form<\/h3>\n\t\t\t\t\t\t\t\t\t\t\t\t\t\t\t\t\n<div class=\"wpcf7 no-js\" id=\"wpcf7-f134-o1\" lang=\"en-US\" dir=\"ltr\" data-wpcf7-id=\"134\">\n<div class=\"screen-reader-response\"><p role=\"status\" aria-live=\"polite\" aria-atomic=\"true\"><\/p> <ul><\/ul><\/div>\n<form action=\"\/en\/wp-json\/wp\/v2\/pages\/128#wpcf7-f134-o1\" method=\"post\" class=\"wpcf7-form init wpcf7-acceptance-as-validation\" aria-label=\"Contact form\" novalidate=\"novalidate\" data-status=\"init\">\n<div style=\"display: none;\">\n<input type=\"hidden\" name=\"_wpcf7\" value=\"134\" \/>\n<input type=\"hidden\" name=\"_wpcf7_version\" value=\"6.0.2\" \/>\n<input type=\"hidden\" name=\"_wpcf7_locale\" value=\"en_US\" \/>\n<input type=\"hidden\" name=\"_wpcf7_unit_tag\" value=\"wpcf7-f134-o1\" \/>\n<input type=\"hidden\" name=\"_wpcf7_container_post\" value=\"0\" \/>\n<input type=\"hidden\" name=\"_wpcf7_posted_data_hash\" value=\"\" \/>\n<\/div>\n<div class=\"contact-form\">\n\t<div class=\"contact-form__email\">\n\t\t<label class=\"contact-form__label\">E-mail*<\/label>\n\t\t<span class=\"wpcf7-form-control-wrap\" data-name=\"user-email\"><input size=\"40\" maxlength=\"400\" class=\"wpcf7-form-control wpcf7-email wpcf7-validates-as-required wpcf7-text wpcf7-validates-as-email contact-form__input\" aria-required=\"true\" aria-invalid=\"false\" value=\"\" type=\"email\" name=\"user-email\" \/><\/span>\n\t<\/div>\n\t<div class=\"contact-form__user\">\n\t\t<label class=\"contact-form__label\">Phone*<\/label>\n\t\t<span class=\"wpcf7-form-control-wrap\" data-name=\"user-phone\"><input size=\"40\" maxlength=\"400\" class=\"wpcf7-form-control wpcf7-tel wpcf7-validates-as-required wpcf7-text wpcf7-validates-as-tel contact-form__input\" aria-required=\"true\" aria-invalid=\"false\" value=\"\" type=\"tel\" name=\"user-phone\" \/><\/span>\n\t<\/div>\n\t<label for=\"terms\" class=\"contact-form__checkbox\">\n\t\t<div class=\"contact-form__acceptance\">\n\t\t\t<span class=\"wpcf7-form-control-wrap\" data-name=\"user-accept\"><span class=\"wpcf7-form-control wpcf7-acceptance\"><span class=\"wpcf7-list-item\"><input type=\"checkbox\" name=\"user-accept\" value=\"1\" class=\"contact-form__user-accept\" id=\"terms\" aria-invalid=\"false\" \/><\/span><\/span><\/span>\n\t\t<\/div>\n\t\t<div class=\"contact-form__checkbox-mark\">\n\t\t\t<i class=\"fa-sharp fa-regular fa-check\"><\/i>\n\t\t<\/div>\n\t\t<p class=\"contact-form__term\"> By sending this message, I agree to the\u00a0<a href=\"\/privacy=policy\">privacy policy<\/a>\u00a0and accept its terms.<\/p>\n\t<\/label>\n<button class=\"btn\">\n<input class=\"wpcf7-form-control wpcf7-submit has-spinner contact-form__submit\" type=\"submit\" value=\"SEND INQUIRY\" \/>\n<\/button>\n<\/div><div class=\"wpcf7-response-output\" aria-hidden=\"true\"><\/div>\n<\/form>\n<\/div>\n\n\t\t\t\t\t\t\t\t\t<\/div>\n\t\t\t<\/div>\n\t\t<\/div>\n\t<\/div>\n<\/section>\n","protected":false},"excerpt":{"rendered":"","protected":false},"author":1,"featured_media":0,"parent":0,"menu_order":0,"comment_status":"closed","ping_status":"closed","template":"","meta":{"_acf_changed":false,"footnotes":""},"class_list":["post-128","page","type-page","status-publish","hentry"],"acf":[],"yoast_head":"<!-- This site is optimized with the Yoast SEO plugin v24.1 - https:\/\/yoast.com\/wordpress\/plugins\/seo\/ -->\n<title>Home - Ksi\u0119gowo\u015b\u0107 i kompleksowe wsparcie dla firm | K2 Consult<\/title>\n<meta name=\"robots\" content=\"noindex, follow, max-snippet:-1, max-image-preview:large, max-video-preview:-1\" \/>\n<meta property=\"og:locale\" content=\"en_US\" \/>\n<meta property=\"og:type\" content=\"article\" \/>\n<meta property=\"og:title\" content=\"Home - Ksi\u0119gowo\u015b\u0107 i kompleksowe wsparcie dla firm | K2 Consult\" \/>\n<meta property=\"og:url\" content=\"https:\/\/k2consult.pl\/en\/\" \/>\n<meta property=\"og:site_name\" content=\"Ksi\u0119gowo\u015b\u0107 i kompleksowe wsparcie dla firm | K2 Consult\" \/>\n<meta property=\"article:modified_time\" content=\"2025-01-28T07:19:20+00:00\" \/>\n<meta name=\"twitter:card\" content=\"summary_large_image\" \/>\n<script type=\"application\/ld+json\" class=\"yoast-schema-graph\">{\"@context\":\"https:\/\/schema.org\",\"@graph\":[{\"@type\":\"WebPage\",\"@id\":\"https:\/\/k2consult.pl\/en\/\",\"url\":\"https:\/\/k2consult.pl\/en\/\",\"name\":\"Home - Ksi\u0119gowo\u015b\u0107 i kompleksowe wsparcie dla firm | K2 Consult\",\"isPartOf\":{\"@id\":\"https:\/\/k2consult.pl\/en\/#website\"},\"datePublished\":\"2024-11-29T14:35:56+00:00\",\"dateModified\":\"2025-01-28T07:19:20+00:00\",\"breadcrumb\":{\"@id\":\"https:\/\/k2consult.pl\/en\/#breadcrumb\"},\"inLanguage\":\"en-US\",\"potentialAction\":[{\"@type\":\"ReadAction\",\"target\":[\"https:\/\/k2consult.pl\/en\/\"]}]},{\"@type\":\"BreadcrumbList\",\"@id\":\"https:\/\/k2consult.pl\/en\/#breadcrumb\",\"itemListElement\":[{\"@type\":\"ListItem\",\"position\":1,\"name\":\"Home\",\"item\":\"https:\/\/k2consult.pl\/en\/\"},{\"@type\":\"ListItem\",\"position\":2,\"name\":\"Home\"}]},{\"@type\":\"WebSite\",\"@id\":\"https:\/\/k2consult.pl\/en\/#website\",\"url\":\"https:\/\/k2consult.pl\/en\/\",\"name\":\"Ksi\u0119gowo\u015b\u0107 i kompleksowe wsparcie dla firm | K2 Consult\",\"description\":\"\",\"potentialAction\":[{\"@type\":\"SearchAction\",\"target\":{\"@type\":\"EntryPoint\",\"urlTemplate\":\"https:\/\/k2consult.pl\/en\/?s={search_term_string}\"},\"query-input\":{\"@type\":\"PropertyValueSpecification\",\"valueRequired\":true,\"valueName\":\"search_term_string\"}}],\"inLanguage\":\"en-US\"}]}<\/script>\n<!-- \/ Yoast SEO plugin. -->","yoast_head_json":{"title":"Home - Ksi\u0119gowo\u015b\u0107 i kompleksowe wsparcie dla firm | K2 Consult","robots":{"index":"noindex","follow":"follow","max-snippet":"max-snippet:-1","max-image-preview":"max-image-preview:large","max-video-preview":"max-video-preview:-1"},"og_locale":"en_US","og_type":"article","og_title":"Home - Ksi\u0119gowo\u015b\u0107 i kompleksowe wsparcie dla firm | K2 Consult","og_url":"https:\/\/k2consult.pl\/en\/","og_site_name":"Ksi\u0119gowo\u015b\u0107 i kompleksowe wsparcie dla firm | K2 Consult","article_modified_time":"2025-01-28T07:19:20+00:00","twitter_card":"summary_large_image","schema":{"@context":"https:\/\/schema.org","@graph":[{"@type":"WebPage","@id":"https:\/\/k2consult.pl\/en\/","url":"https:\/\/k2consult.pl\/en\/","name":"Home - Ksi\u0119gowo\u015b\u0107 i kompleksowe wsparcie dla firm | K2 Consult","isPartOf":{"@id":"https:\/\/k2consult.pl\/en\/#website"},"datePublished":"2024-11-29T14:35:56+00:00","dateModified":"2025-01-28T07:19:20+00:00","breadcrumb":{"@id":"https:\/\/k2consult.pl\/en\/#breadcrumb"},"inLanguage":"en-US","potentialAction":[{"@type":"ReadAction","target":["https:\/\/k2consult.pl\/en\/"]}]},{"@type":"BreadcrumbList","@id":"https:\/\/k2consult.pl\/en\/#breadcrumb","itemListElement":[{"@type":"ListItem","position":1,"name":"Home","item":"https:\/\/k2consult.pl\/en\/"},{"@type":"ListItem","position":2,"name":"Home"}]},{"@type":"WebSite","@id":"https:\/\/k2consult.pl\/en\/#website","url":"https:\/\/k2consult.pl\/en\/","name":"Ksi\u0119gowo\u015b\u0107 i kompleksowe wsparcie dla firm | K2 Consult","description":"","potentialAction":[{"@type":"SearchAction","target":{"@type":"EntryPoint","urlTemplate":"https:\/\/k2consult.pl\/en\/?s={search_term_string}"},"query-input":{"@type":"PropertyValueSpecification","valueRequired":true,"valueName":"search_term_string"}}],"inLanguage":"en-US"}]}},"_links":{"self":[{"href":"https:\/\/k2consult.pl\/en\/wp-json\/wp\/v2\/pages\/128","targetHints":{"allow":["GET"]}}],"collection":[{"href":"https:\/\/k2consult.pl\/en\/wp-json\/wp\/v2\/pages"}],"about":[{"href":"https:\/\/k2consult.pl\/en\/wp-json\/wp\/v2\/types\/page"}],"author":[{"embeddable":true,"href":"https:\/\/k2consult.pl\/en\/wp-json\/wp\/v2\/users\/1"}],"replies":[{"embeddable":true,"href":"https:\/\/k2consult.pl\/en\/wp-json\/wp\/v2\/comments?post=128"}],"version-history":[{"count":4,"href":"https:\/\/k2consult.pl\/en\/wp-json\/wp\/v2\/pages\/128\/revisions"}],"predecessor-version":[{"id":178,"href":"https:\/\/k2consult.pl\/en\/wp-json\/wp\/v2\/pages\/128\/revisions\/178"}],"wp:attachment":[{"href":"https:\/\/k2consult.pl\/en\/wp-json\/wp\/v2\/media?parent=128"}],"curies":[{"name":"wp","href":"https:\/\/api.w.org\/{rel}","templated":true}]}}