{"id":142,"date":"2024-12-23T13:02:31","date_gmt":"2024-12-23T12:02:31","guid":{"rendered":"https:\/\/k2consult.pl\/?page_id=142"},"modified":"2025-01-28T08:33:47","modified_gmt":"2025-01-28T07:33:47","slug":"signallers","status":"publish","type":"page","link":"https:\/\/k2consult.pl\/en\/signallers\/","title":{"rendered":"Signallers"},"content":{"rendered":"\n<section id=\"\" class=\"whistleblowers acf-block acf-block-id-block_38b9f8577bb7be5a0670b3ac17fbd222 \">\n\n\t<div class=\"container\">\n\t\t<div class=\"row\">\n\t\t\t<div class=\"col-12 col-lg-10 offset-lg-1\">\n\t\t\t\t<div class=\"whistleblowers__wrapper\" data-aos=\"fade-up\" data-aos-offset=\"200\">\n\t\t\t\t\t\t\t\t\t\t\t<h1 class=\"whistleblowers__headline title title--m\">Signallers<\/h1>\n\t\t\t\t\t\n\t\t\t\t\t\t\t\t\t\t\t<div class=\"whistleblowers__desc txt\"><p>In accordance with the provisions of the June 14, 2024 Act on Whistleblower Protection, K2 Consult Sp. z o.o. facilitates the reporting of irregularities via email at <a href=\"mailto:sygnaly@k2consult.pl\">sygnaly@k2consult.pl<\/a>. Reports should include a completed and signed submission form.<\/p>\n<p>The internal procedure of K2 Consult Sp. z o.o. applies to legal violations reported by whistleblowers, includ-ing actions or omissions that are unlawful or aimed at bypassing the law, particularly in the following areas:<\/p>\n<ul>\n<li>Counteracting money laundering and the financing of terrorism.<\/li>\n<li>Environmental protection.<\/li>\n<li>Privacy and personal data protection.<\/li>\n<li>Network and information system security.<\/li>\n<li>Financial interests of the State Treasury of the Republic of Poland, local government units, and the European Union.<\/li>\n<li>The internal market of the European Union, including public competition rules, state aid, and corporate taxation.<\/li>\n<li>Constitutional freedoms and human and civil rights in relations between individuals and public authorities, unrelated to the fields listed above.<\/li>\n<\/ul>\n<p><strong>K2 Consult Sp. z o.o. does not accept anonymous reports.<\/strong><\/p>\n<p>The personal data of individuals reporting a violation and individuals implicated in the report will be processed based on Article 6(1)(c) of the GDPR in connection with Article 17 of Directive (EU) 2019\/1937 of the European Parliament and Council on the protection of persons reporting breaches of Union law (legal obligation) and Article 6(1)(f) of the GDPR (legitimate interests of K2 Consult Sp. z o.o., Gorzew 19, 95-200 Pabianice, as the data controller). Detailed rules for the protection of this personal data are outlined in the internal data protection regulations of K2 Consult Sp. z o.o.<\/p>\n<p><!-- \/wp:paragraph --><\/p>\n<p><!-- wp:paragraph --><\/p>\n<p><strong>With Regards,<br \/>\nBoard of K2 Consult Sp. z o.o.<br \/>\n<\/strong><\/p>\n<\/div>\n\t\t\t\t\t\n\t\t\t\t\t\t\t\t\t\t\t<a target=\"_blank\" href=\"https:\/\/k2consult.pl\/app\/uploads\/2025\/01\/signallers-form.pdf\" class=\"btn whistleblowers__btn\"><span>download form<\/span><\/a>\n\t\t\t\t\t\t\t\t\t<\/div>\n\t\t\t<\/div>\n\t\t<\/div>\n\t<\/div>\n\n\n<\/section>\n\n\n\n<section id=\"contact\" class=\"contact acf-block acf-block-id-block_16df415fee4c2695a9cb52d5bd61463b \">\n\n\t<div class=\"container\">\n\t\t<div class=\"row\">\n\t\t\t<div class=\"col-12 col-xl-5 offset-xl-1\" data-aos=\"fade-up\" data-aos-offset=\"200\">\n\t\t\t\t<div class=\"contact__wrapper\">\n\t\t\t\t\t\t\t\t\t\t\t<h3 class=\"contact__label label-green\">CONTACT US!<\/h3>\n\t\t\t\t\t\t\t\t\t\t\t\t\t\t\t\t<h2 class=\"contact__headline title title--m\">BOOK YOUR<br><strong>FREE CONSULTATION<\/strong><\/h2>\n\t\t\t\t\t\t\t\t\t\t\t\t\t\t\t\t<div class=\"contact__txt txt txt--first-paragraph-big\"><p><strong>We\u2019ll discuss your current situation, plans, goals, and challenges, and then create an action plan for you and your business.<\/strong><\/p>\n<p>Reach out to us however it\u2019s most convenient for you: call us, send an email, or fill out the contact form, and we\u2019ll get back to you within 24 hours.<\/p>\n<\/div>\n\t\t\t\t\t\t\t\t\t\t<div class=\"contact__links\">\n\t\t\t\t\t\t<div class=\"contact__link\">\n\t\t\t\t\t\t\t\t\t\t\t\t\t\t\t<a href=\"tel:+48694122000\" class=\"header-mobile-link\"><i class=\"fa-sharp fa-regular fa-phone\"><\/i><\/a>\n\t\t\t\t\t\t\t\t\t\t\t\t\t\t<div class=\"contact__wrap\">\n\t\t\t\t\t\t\t\t<span>Phone<\/span>\n\t\t\t\t\t\t\t\t<a href=\"tel:+48694122000\">+48 694 122 000<\/a>\n\t\t\t\t\t\t\t<\/div>\n\t\t\t\t\t\t<\/div>\n\t\t\t\t\t\t<div class=\"contact__link\">\n\t\t\t\t\t\t\t\t\t\t\t\t\t\t\t<a href=\"mailto:biuro@k2consult.pl\" class=\"header-mobile-link\"><i class=\"fa-sharp fa-regular fa-envelope-open\"><\/i><\/a>\n\t\t\t\t\t\t\t\t<div class=\"contact__wrap\">\n\t\t\t\t\t\t\t\t\t<span>e-mail<\/span>\n\t\t\t\t\t\t\t\t\t<a href=\"mailto:biuro@k2consult.pl\">biuro@k2consult.pl<\/a>\n\t\t\t\t\t\t\t\t<\/div>\n\t\t\t\t\t\t\t\t\t\t\t\t\t<\/div>\n\t\t\t\t\t<\/div>\n\t\t\t\t<\/div>\n\t\t\t<\/div>\n\t\t\t<div class=\"col-12 col-xl-6\" data-aos=\"fade-up\" data-aos-offset=\"200\">\n\t\t\t\t<div class=\"contact__container\">\n\t\t\t\t\t\t\t\t\t\t\t<h3 class=\"contact__label label-green\">FILL OUT THE FORM<\/h3>\n\t\t\t\t\t\t\t\t\t\t\t\t\t\t\t\t\n<div class=\"wpcf7 no-js\" id=\"wpcf7-f134-o1\" lang=\"en-US\" dir=\"ltr\" data-wpcf7-id=\"134\">\n<div class=\"screen-reader-response\"><p role=\"status\" aria-live=\"polite\" aria-atomic=\"true\"><\/p> <ul><\/ul><\/div>\n<form action=\"\/en\/wp-json\/wp\/v2\/pages\/142#wpcf7-f134-o1\" method=\"post\" class=\"wpcf7-form init wpcf7-acceptance-as-validation\" aria-label=\"Contact form\" novalidate=\"novalidate\" data-status=\"init\">\n<div style=\"display: none;\">\n<input type=\"hidden\" name=\"_wpcf7\" value=\"134\" \/>\n<input type=\"hidden\" name=\"_wpcf7_version\" value=\"6.0.2\" \/>\n<input type=\"hidden\" name=\"_wpcf7_locale\" value=\"en_US\" \/>\n<input type=\"hidden\" name=\"_wpcf7_unit_tag\" value=\"wpcf7-f134-o1\" \/>\n<input type=\"hidden\" name=\"_wpcf7_container_post\" value=\"0\" \/>\n<input type=\"hidden\" name=\"_wpcf7_posted_data_hash\" value=\"\" \/>\n<\/div>\n<div class=\"contact-form\">\n\t<div class=\"contact-form__email\">\n\t\t<label class=\"contact-form__label\">E-mail*<\/label>\n\t\t<span class=\"wpcf7-form-control-wrap\" data-name=\"user-email\"><input size=\"40\" maxlength=\"400\" class=\"wpcf7-form-control wpcf7-email wpcf7-validates-as-required wpcf7-text wpcf7-validates-as-email contact-form__input\" aria-required=\"true\" aria-invalid=\"false\" value=\"\" type=\"email\" name=\"user-email\" \/><\/span>\n\t<\/div>\n\t<div class=\"contact-form__user\">\n\t\t<label class=\"contact-form__label\">Phone*<\/label>\n\t\t<span class=\"wpcf7-form-control-wrap\" data-name=\"user-phone\"><input size=\"40\" maxlength=\"400\" class=\"wpcf7-form-control wpcf7-tel wpcf7-validates-as-required wpcf7-text wpcf7-validates-as-tel contact-form__input\" aria-required=\"true\" aria-invalid=\"false\" value=\"\" type=\"tel\" name=\"user-phone\" \/><\/span>\n\t<\/div>\n\t<label for=\"terms\" class=\"contact-form__checkbox\">\n\t\t<div class=\"contact-form__acceptance\">\n\t\t\t<span class=\"wpcf7-form-control-wrap\" data-name=\"user-accept\"><span class=\"wpcf7-form-control wpcf7-acceptance\"><span class=\"wpcf7-list-item\"><input type=\"checkbox\" name=\"user-accept\" value=\"1\" class=\"contact-form__user-accept\" id=\"terms\" aria-invalid=\"false\" \/><\/span><\/span><\/span>\n\t\t<\/div>\n\t\t<div class=\"contact-form__checkbox-mark\">\n\t\t\t<i class=\"fa-sharp fa-regular fa-check\"><\/i>\n\t\t<\/div>\n\t\t<p class=\"contact-form__term\"> By sending this message, I agree to the\u00a0<a href=\"\/privacy=policy\">privacy policy<\/a>\u00a0and accept its terms.<\/p>\n\t<\/label>\n<button class=\"btn\">\n<input class=\"wpcf7-form-control wpcf7-submit has-spinner contact-form__submit\" type=\"submit\" value=\"SEND INQUIRY\" \/>\n<\/button>\n<\/div><div class=\"wpcf7-response-output\" aria-hidden=\"true\"><\/div>\n<\/form>\n<\/div>\n\n\t\t\t\t\t\t\t\t\t<\/div>\n\t\t\t<\/div>\n\t\t<\/div>\n\t<\/div>\n<\/section>\n","protected":false},"excerpt":{"rendered":"","protected":false},"author":1,"featured_media":0,"parent":0,"menu_order":0,"comment_status":"closed","ping_status":"closed","template":"","meta":{"_acf_changed":false,"footnotes":""},"class_list":["post-142","page","type-page","status-publish","hentry"],"acf":[],"yoast_head":"<!-- This site is optimized with the Yoast SEO plugin v24.1 - https:\/\/yoast.com\/wordpress\/plugins\/seo\/ -->\n<title>Signallers - Ksi\u0119gowo\u015b\u0107 i kompleksowe wsparcie dla firm | K2 Consult<\/title>\n<meta name=\"robots\" content=\"noindex, follow, max-snippet:-1, max-image-preview:large, max-video-preview:-1\" \/>\n<meta property=\"og:locale\" content=\"en_US\" \/>\n<meta property=\"og:type\" content=\"article\" \/>\n<meta property=\"og:title\" content=\"Signallers - Ksi\u0119gowo\u015b\u0107 i kompleksowe wsparcie dla firm | K2 Consult\" \/>\n<meta property=\"og:url\" content=\"https:\/\/k2consult.pl\/en\/signallers\/\" \/>\n<meta property=\"og:site_name\" content=\"Ksi\u0119gowo\u015b\u0107 i kompleksowe wsparcie dla firm | K2 Consult\" \/>\n<meta property=\"article:modified_time\" content=\"2025-01-28T07:33:47+00:00\" \/>\n<meta name=\"twitter:card\" content=\"summary_large_image\" \/>\n<script type=\"application\/ld+json\" class=\"yoast-schema-graph\">{\"@context\":\"https:\/\/schema.org\",\"@graph\":[{\"@type\":\"WebPage\",\"@id\":\"https:\/\/k2consult.pl\/en\/signallers\/\",\"url\":\"https:\/\/k2consult.pl\/en\/signallers\/\",\"name\":\"Signallers - Ksi\u0119gowo\u015b\u0107 i kompleksowe wsparcie dla firm | K2 Consult\",\"isPartOf\":{\"@id\":\"https:\/\/k2consult.pl\/en\/#website\"},\"datePublished\":\"2024-12-23T12:02:31+00:00\",\"dateModified\":\"2025-01-28T07:33:47+00:00\",\"breadcrumb\":{\"@id\":\"https:\/\/k2consult.pl\/en\/signallers\/#breadcrumb\"},\"inLanguage\":\"en-US\",\"potentialAction\":[{\"@type\":\"ReadAction\",\"target\":[\"https:\/\/k2consult.pl\/en\/signallers\/\"]}]},{\"@type\":\"BreadcrumbList\",\"@id\":\"https:\/\/k2consult.pl\/en\/signallers\/#breadcrumb\",\"itemListElement\":[{\"@type\":\"ListItem\",\"position\":1,\"name\":\"Home\",\"item\":\"https:\/\/k2consult.pl\/en\/\"},{\"@type\":\"ListItem\",\"position\":2,\"name\":\"Signallers\"}]},{\"@type\":\"WebSite\",\"@id\":\"https:\/\/k2consult.pl\/en\/#website\",\"url\":\"https:\/\/k2consult.pl\/en\/\",\"name\":\"Ksi\u0119gowo\u015b\u0107 i kompleksowe wsparcie dla firm | K2 Consult\",\"description\":\"\",\"potentialAction\":[{\"@type\":\"SearchAction\",\"target\":{\"@type\":\"EntryPoint\",\"urlTemplate\":\"https:\/\/k2consult.pl\/en\/?s={search_term_string}\"},\"query-input\":{\"@type\":\"PropertyValueSpecification\",\"valueRequired\":true,\"valueName\":\"search_term_string\"}}],\"inLanguage\":\"en-US\"}]}<\/script>\n<!-- \/ Yoast SEO plugin. -->","yoast_head_json":{"title":"Signallers - Ksi\u0119gowo\u015b\u0107 i kompleksowe wsparcie dla firm | K2 Consult","robots":{"index":"noindex","follow":"follow","max-snippet":"max-snippet:-1","max-image-preview":"max-image-preview:large","max-video-preview":"max-video-preview:-1"},"og_locale":"en_US","og_type":"article","og_title":"Signallers - Ksi\u0119gowo\u015b\u0107 i kompleksowe wsparcie dla firm | K2 Consult","og_url":"https:\/\/k2consult.pl\/en\/signallers\/","og_site_name":"Ksi\u0119gowo\u015b\u0107 i kompleksowe wsparcie dla firm | K2 Consult","article_modified_time":"2025-01-28T07:33:47+00:00","twitter_card":"summary_large_image","schema":{"@context":"https:\/\/schema.org","@graph":[{"@type":"WebPage","@id":"https:\/\/k2consult.pl\/en\/signallers\/","url":"https:\/\/k2consult.pl\/en\/signallers\/","name":"Signallers - Ksi\u0119gowo\u015b\u0107 i kompleksowe wsparcie dla firm | K2 Consult","isPartOf":{"@id":"https:\/\/k2consult.pl\/en\/#website"},"datePublished":"2024-12-23T12:02:31+00:00","dateModified":"2025-01-28T07:33:47+00:00","breadcrumb":{"@id":"https:\/\/k2consult.pl\/en\/signallers\/#breadcrumb"},"inLanguage":"en-US","potentialAction":[{"@type":"ReadAction","target":["https:\/\/k2consult.pl\/en\/signallers\/"]}]},{"@type":"BreadcrumbList","@id":"https:\/\/k2consult.pl\/en\/signallers\/#breadcrumb","itemListElement":[{"@type":"ListItem","position":1,"name":"Home","item":"https:\/\/k2consult.pl\/en\/"},{"@type":"ListItem","position":2,"name":"Signallers"}]},{"@type":"WebSite","@id":"https:\/\/k2consult.pl\/en\/#website","url":"https:\/\/k2consult.pl\/en\/","name":"Ksi\u0119gowo\u015b\u0107 i kompleksowe wsparcie dla firm | K2 Consult","description":"","potentialAction":[{"@type":"SearchAction","target":{"@type":"EntryPoint","urlTemplate":"https:\/\/k2consult.pl\/en\/?s={search_term_string}"},"query-input":{"@type":"PropertyValueSpecification","valueRequired":true,"valueName":"search_term_string"}}],"inLanguage":"en-US"}]}},"_links":{"self":[{"href":"https:\/\/k2consult.pl\/en\/wp-json\/wp\/v2\/pages\/142","targetHints":{"allow":["GET"]}}],"collection":[{"href":"https:\/\/k2consult.pl\/en\/wp-json\/wp\/v2\/pages"}],"about":[{"href":"https:\/\/k2consult.pl\/en\/wp-json\/wp\/v2\/types\/page"}],"author":[{"embeddable":true,"href":"https:\/\/k2consult.pl\/en\/wp-json\/wp\/v2\/users\/1"}],"replies":[{"embeddable":true,"href":"https:\/\/k2consult.pl\/en\/wp-json\/wp\/v2\/comments?post=142"}],"version-history":[{"count":6,"href":"https:\/\/k2consult.pl\/en\/wp-json\/wp\/v2\/pages\/142\/revisions"}],"predecessor-version":[{"id":189,"href":"https:\/\/k2consult.pl\/en\/wp-json\/wp\/v2\/pages\/142\/revisions\/189"}],"wp:attachment":[{"href":"https:\/\/k2consult.pl\/en\/wp-json\/wp\/v2\/media?parent=142"}],"curies":[{"name":"wp","href":"https:\/\/api.w.org\/{rel}","templated":true}]}}