{"id":153,"date":"2024-12-23T13:02:31","date_gmt":"2024-12-23T12:02:31","guid":{"rendered":"https:\/\/k2consult.pl\/?page_id=153"},"modified":"2025-01-28T08:27:12","modified_gmt":"2025-01-28T07:27:12","slug":"%d0%b7%d0%b2%d1%8f%d0%b7%d0%ba%d1%96%d0%b2%d1%86%d1%96","status":"publish","type":"page","link":"https:\/\/k2consult.pl\/uk\/%d0%b7%d0%b2%d1%8f%d0%b7%d0%ba%d1%96%d0%b2%d1%86%d1%96\/","title":{"rendered":"\u0417\u0432&#8217;\u044f\u0437\u043a\u0456\u0432\u0446\u0456"},"content":{"rendered":"\n<section id=\"\" class=\"whistleblowers acf-block acf-block-id-block_86daac276679a75d3ebb48c10407c61d \">\n\n\t<div class=\"container\">\n\t\t<div class=\"row\">\n\t\t\t<div class=\"col-12 col-lg-10 offset-lg-1\">\n\t\t\t\t<div class=\"whistleblowers__wrapper\" data-aos=\"fade-up\" data-aos-offset=\"200\">\n\t\t\t\t\t\t\t\t\t\t\t<h1 class=\"whistleblowers__headline title title--m\">\u0417\u0432&#8217;\u044f\u0437\u043a\u0456\u0432\u0446\u0456<\/h1>\n\t\t\t\t\t\n\t\t\t\t\t\t\t\t\t\t\t<div class=\"whistleblowers__desc txt\"><p>\u0412\u0438\u043a\u043e\u043d\u0443\u044e\u0447\u0438 \u0441\u0432\u043e\u0457 \u043e\u0431\u043e\u0432&#8217;\u044f\u0437\u043a\u0438 \u0432\u0456\u0434\u043f\u043e\u0432\u0456\u0434\u043d\u043e \u0434\u043e \u0417\u0430\u043a\u043e\u043d\u0443 \u0432\u0456\u0434 14 \u0447\u0435\u0440\u0432\u043d\u044f 2024 \u0440\u043e\u043a\u0443 \u043f\u0440\u043e \u0437\u0430\u0445\u0438\u0441\u0442 \u0432\u0438\u043a\u0440\u0438\u0432\u0430\u0447\u0456\u0432 \u0443<br \/>\n\u043a\u043e\u043c\u043f\u0430\u043d\u0456\u0457 K2 Consult Sp. z o.o. \u043d\u0430\u0434\u0430\u0454\u043c\u043e \u043c\u043e\u0436\u043b\u0438\u0432\u0456\u0441\u0442\u044c \u043f\u043e\u0432\u0456\u0434\u043e\u043c\u043b\u044f\u0442\u0438 \u043f\u0440\u043e \u043f\u043e\u0440\u0443\u0448\u0435\u043d\u043d\u044f \u043d\u0430 \u0435\u043b\u0435\u043a\u0442\u0440\u043e\u043d\u043d\u0443 \u0430\u0434\u0440\u0435\u0441\u0443<br \/>\n<a href=\"mailto:sygnaly@k2consult.pl\">sygnaly@k2consult.pl<\/a>, \u043e\u0434\u043d\u043e\u0447\u0430\u0441\u043d\u043e \u0434\u043e\u043b\u0443\u0447\u0430\u044e\u0447\u0438 \u0437\u0430\u043f\u043e\u0432\u043d\u0435\u043d\u0443 \u0442\u0430 \u043f\u0456\u0434\u043f\u0438\u0441\u0430\u043d\u0443 <a href=\"https:\/\/k2consult.pl\/app\/uploads\/2025\/01\/formularz-uk.pdf\">\u0444\u043e\u0440\u043c\u0443 \u043f\u043e\u0432\u0456\u0434\u043e\u043c\u043b\u0435\u043d\u043d\u044f.<\/a><\/p>\n<p>\u0412\u043d\u0443\u0442\u0440\u0456\u0448\u043d\u044f \u043f\u0440\u043e\u0446\u0435\u0434\u0443\u0440\u0430 K2 Consult Sp. z o.o. \u0437\u0430\u0441\u0442\u043e\u0441\u043e\u0432\u0443\u0454\u0442\u044c\u0441\u044f \u0434\u043e \u043f\u043e\u0440\u0443\u0448\u0435\u043d\u044c \u0437\u0430\u043a\u043e\u043d\u0443, \u043f\u0440\u043e \u044f\u043a\u0456 \u043f\u043e\u0432\u0456\u0434\u043e\u043c\u043b\u044f\u044e\u0442\u044c<br \/>\n\u0406\u043d\u0444\u043e\u0440\u043c\u0430\u0442\u043e\u0440\u0438, \u0449\u043e \u0432\u043a\u043b\u044e\u0447\u0430\u044e\u0442\u044c \u0432 \u0441\u0435\u0431\u0435, \u0437\u043e\u043a\u0440\u0435\u043c\u0430, \u0434\u0456\u0457 \u0430\u0431\u043e \u0431\u0435\u0437\u0434\u0456\u044f\u043b\u044c\u043d\u0456\u0441\u0442\u044c, \u044f\u043a\u0456 \u0454 \u043d\u0435\u0437\u0430\u043a\u043e\u043d\u043d\u0438\u043c\u0438 \u0430\u0431\u043e \u0441\u043f\u0440\u044f\u043c\u043e\u0432\u0430\u043d\u0456 \u043d\u0430 \u043e\u0431\u0445\u0456\u0434 \u0437\u0430\u043a\u043e\u043d\u0443:<\/p>\n<ul>\n<li>\u041f\u0440\u043e\u0442\u0438\u0434\u0456\u044f \u0432\u0456\u0434\u043c\u0438\u0432\u0430\u043d\u043d\u044e \u043a\u043e\u0448\u0442\u0456\u0432 \u0442\u0430 \u0444\u0456\u043d\u0430\u043d\u0441\u0443\u0432\u0430\u043d\u043d\u044e \u0442\u0435\u0440\u043e\u0440\u0438\u0437\u043c\u0443.<\/li>\n<li>\u041e\u0445\u043e\u0440\u043e\u043d\u0430 \u043d\u0430\u0432\u043a\u043e\u043b\u0438\u0448\u043d\u044c\u043e\u0433\u043e \u0441\u0435\u0440\u0435\u0434\u043e\u0432\u0438\u0449\u0430.<\/li>\n<li>\u0417\u0430\u0445\u0438\u0441\u0442 \u043a\u043e\u043d\u0444\u0456\u0434\u0435\u043d\u0446\u0456\u0439\u043d\u043e\u0441\u0442\u0456 \u0442\u0430 \u043f\u0435\u0440\u0441\u043e\u043d\u0430\u043b\u044c\u043d\u0438\u0445 \u0434\u0430\u043d\u0438\u0445.<\/li>\n<li>\u0411\u0435\u0437\u043f\u0435\u043a\u0430 \u043c\u0435\u0440\u0435\u0436 i i\u043d\u0444\u043e\u0440\u043c\u0430\u0446\u0456\u0439\u043d\u043e-\u043a\u043e\u043c\u0443\u043d\u0456\u043a\u0430\u0446\u0456\u0439\u043d\u0438\u0445 \u0442\u0435\u0445\u043d\u043e\u043b\u043e\u0433\u0456\u0457.<\/li>\n<li>\u0424\u0456\u043d\u0430\u043d\u0441\u043e\u0432\u0456 \u0456\u043d\u0442\u0435\u0440\u0435\u0441\u0438 \u0414\u0435\u0440\u0436\u0430\u0432\u043d\u043e\u0457 \u0441\u043a\u0430\u0440\u0431\u043d\u0438\u0446\u0456 \u0420\u0435\u0441\u043f\u0443\u0431\u043b\u0456\u043a\u0438 \u041f\u043e\u043b\u044c\u0449\u0430, \u043e\u0440\u0433\u0430\u043d\u0456\u0432 \u043c\u0456\u0441\u0446\u0435\u0432\u043e\u0433\u043e<br \/>\n\u0441\u0430\u043c\u043e\u0432\u0440\u044f\u0434\u0443\u0432\u0430\u043d\u043d\u044f \u0442\u0430 \u0404\u0432\u0440\u043e\u043f\u0435\u0439\u0441\u044c\u043a\u043e\u0433\u043e \u0421\u043e\u044e\u0437\u0443.<\/li>\n<li>\u0412\u043d\u0443\u0442\u0440\u0456\u0448\u043d\u044c\u043e\u0433\u043e \u0440\u0438\u043d\u043a\u0443 \u0404\u0432\u0440\u043e\u043f\u0435\u0439\u0441\u044c\u043a\u043e\u0433\u043e \u0421\u043e\u044e\u0437\u0443, \u0432\u043a\u043b\u044e\u0447\u0430\u044e\u0447\u0438 \u043f\u0440\u0430\u0432\u0438\u043b\u0430 \u043f\u0443\u0431\u043b\u0456\u0447\u043d\u043e-\u043f\u0440\u0430\u0432\u043e\u0432\u043e\u0457 \u043a\u043e\u043d\u043a\u0443\u0440\u0435\u043d\u0446\u0456\u0457 \u0442\u0430 \u0434\u0435\u0440\u0436\u0430\u0432\u043d\u043e\u0457 \u0434\u043e\u043f\u043e\u043c\u043e\u0433\u0438, \u0430 \u0442\u0430\u043a\u043e\u0436 \u043a\u043e\u0440\u043f\u043e\u0440\u0430\u0442\u0438\u0432\u043d\u043e\u0433\u043e \u043e\u043f\u043e\u0434\u0430\u0442\u043a\u0443\u0432\u0430\u043d\u043d\u044f.<\/li>\n<li>\u041a\u043e\u043d\u0441\u0442\u0438\u0442\u0443\u0446\u0456\u0439\u043d\u0456\u0441\u0442\u044c \u0441\u0432\u043e\u0431\u043e\u0434 \u0456 \u043f\u0440\u0430\u0432 \u043b\u044e\u0434\u0438\u043d\u0438 \u0456 \u0433\u0440\u043e\u043c\u0430\u0434\u044f\u043d\u0438\u043d\u0430 \u0443 \u0432\u0456\u0434\u043d\u043e\u0441\u0438\u043d\u0430\u0445 \u043e\u0441\u043e\u0431\u0438 \u0437 \u043e\u0440\u0433\u0430\u043d\u0430\u043c\u0438<br \/>\n\u0434\u0435\u0440\u0436\u0430\u0432\u043d\u043e\u0457 \u0432\u043b\u0430\u0434\u0438 \u0456 \u043d\u0435 \u043f\u043e\u0432&#8217;\u044f\u0437\u0430\u043d\u0438\u0445 \u0456\u0437 \u0437\u0430\u0437\u043d\u0430\u0447\u0435\u043d\u0438\u043c\u0438 \u0432\u0438\u0449\u0435 \u0441\u0444\u0435\u0440\u0430\u043c\u0438.<\/li>\n<\/ul>\n<p><strong>\u0424\u0456\u0440\u043c\u0430 K2 Consult Sp. z o.o. \u043d\u0435 \u043f\u0440\u0438\u0439\u043c\u0430\u0454 \u0430\u043d\u043e\u043d\u0456\u043c\u043d\u0438\u0445 \u0437\u0430\u044f\u0432\u043e\u043a.<\/strong><\/p>\n<p>\u041f\u0435\u0440\u0441\u043e\u043d\u0430\u043b\u044c\u043d\u0456 \u0434\u0430\u043d\u0456 \u043e\u0441\u0456\u0431, \u044f\u043a\u0456 \u043f\u043e\u0432\u0456\u0434\u043e\u043c\u043b\u044f\u044e\u0442\u044c \u043f\u0440\u043e \u043f\u043e\u0440\u0443\u0448\u0435\u043d\u043d\u044f, \u0442\u0430 \u043e\u0441\u0456\u0431, \u043d\u0430 \u044f\u043a\u0438\u0445 \u043f\u043e\u0448\u0438\u0440\u044e\u0454\u0442\u044c\u0441\u044f \u043f\u043e\u0432\u0456\u0434\u043e\u043c\u043b\u0435\u043d\u043d\u044f, \u043e\u0431\u0440\u043e\u0431\u043b\u044f\u0442\u0438\u043c\u0443\u0442\u044c\u0441\u044f \u0432\u0456\u0434\u043f\u043e\u0432\u0456\u0434\u043d\u043e \u0434\u043e \u0441\u0442.6 \u043f\u0443\u043d\u043a\u0442 1 \u043b\u0456\u0442. c) RODO \u0432 \u0437\u0432. \u0437 \u0441\u0442. 17 \u0414\u0438\u0440\u0435\u043a\u0442\u0438\u0432\u0438 \u0404\u0432\u0440\u043e\u043f\u0435\u0439\u0441\u044c\u043a\u043e\u0433\u043e \u041f\u0430\u0440\u043b\u0430\u043c\u0435\u043d\u0442\u0443 \u0442\u0430 \u0420\u0430\u0434\u0438 (\u0404\u0421) 2019\/1937 \u043f\u0440\u043e \u0437\u0430\u0445\u0438\u0441\u0442 \u043e\u0441\u0456\u0431, \u044f\u043a\u0456 \u043f\u043e\u0432\u0456\u0434\u043e\u043c\u043b\u044f\u044e\u0442\u044c \u043f\u0440\u043e \u043f\u043e\u0440\u0443\u0448\u0435\u043d\u043d\u044f \u0437\u0430\u043a\u043e\u043d\u043e\u0434\u0430\u0432\u0441\u0442\u0432\u0430 \u0404\u0432\u0440\u043e\u043f\u0435\u0439\u0441\u044c\u043a\u043e\u0433\u043e \u0421\u043e\u044e\u0437\u0443 (\u0437\u0430\u043a\u043e\u043d\u043e\u0434\u0430\u0432\u0447\u0435 \u043f\u043e\u043b\u043e\u0436\u0435\u043d\u043d\u044f) \u0456 \u0441\u0442. 6 \u043f\u0443\u043d\u043a\u0442 1 \u043b\u0456\u0442. f) RODO (\u0417\u0430\u043a\u043e\u043d\u043d\u0438\u0439 \u0456\u043d\u0442\u0435\u0440\u0435\u0441 K2 Consult Sp. z o.o., Gorzew 19, 95-200 Pabianice \u044f\u043a \u0430\u0434\u043c\u0456\u043d\u0456\u0441\u0442\u0440\u0430\u0442\u043e\u0440\u0430 \u0434\u0430\u043d\u0438\u0445). \u0414\u0435\u0442\u0430\u043b\u044c\u043d\u0456 \u043f\u0440\u0430\u0432\u0438\u043b\u0430 \u0437\u0430\u0445\u0438\u0441\u0442\u0443 \u0446\u0438\u0445 \u043f\u0435\u0440\u0441\u043e\u043d\u0430\u043b\u044c\u043d\u0438\u0445 \u0434\u0430\u043d\u0438\u0445 \u0432\u043a\u0430\u0437\u0430\u043d\u0456 \u0443 \u0432\u043d\u0443\u0442\u0440\u0456\u0448\u043d\u044c\u043e\u043c\u0443 \u043f\u043e\u043b\u043e\u0436\u0435\u043d\u043d\u0456 \u043f\u0440\u043e \u0437\u0430\u0445\u0438\u0441\u0442 \u0434\u0430\u043d\u0438\u0445 \u043a\u043e\u043c\u043f\u0430\u043d\u0456\u0457 K2 Consult Sp. z o.o.<\/p>\n<p><!-- \/wp:paragraph --><\/p>\n<p><!-- wp:paragraph --><\/p>\n<p><strong>\u0417 \u043f\u043e\u0432\u0430\u0433\u043e\u044e,<br \/>\n\u041a\u0435\u0440\u0456\u0432\u043d\u0438\u0446\u0442\u0432\u043e K2 Consult Sp. z o.o.<br \/>\n<\/strong><\/p>\n<\/div>\n\t\t\t\t\t\n\t\t\t\t\t\t\t\t\t\t\t<a target=\"_blank\" href=\"https:\/\/k2consult.pl\/app\/uploads\/2025\/01\/formularz-uk.pdf\" class=\"btn whistleblowers__btn\"><span>\u0444\u043e\u0440\u043c\u0430 \u0434\u043b\u044f \u0437\u0430\u0432\u0430\u043d\u0442\u0430\u0436\u0435\u043d\u043d\u044f<\/span><\/a>\n\t\t\t\t\t\t\t\t\t<\/div>\n\t\t\t<\/div>\n\t\t<\/div>\n\t<\/div>\n\n\n<\/section>\n\n\n\n<section id=\"kontakt\" class=\"contact acf-block acf-block-id-block_6ede9bbff412ca11f5f74fe200a7709e \">\n\n\t<div class=\"container\">\n\t\t<div class=\"row\">\n\t\t\t<div class=\"col-12 col-xl-5 offset-xl-1\" data-aos=\"fade-up\" data-aos-offset=\"200\">\n\t\t\t\t<div class=\"contact__wrapper\">\n\t\t\t\t\t\t\t\t\t\t\t<h3 class=\"contact__label label-green\">\u0417\u0412&#8217;\u042f\u0417\u0423\u0419\u0421\u042f \u0417 \u041d\u0410\u041c\u0418<\/h3>\n\t\t\t\t\t\t\t\t\t\t\t\t\t\t\t\t<h2 class=\"contact__headline title title--m\">\u0417\u0430\u043f\u0438\u0448\u0456\u0442\u044c\u0441\u044f \u043d\u0430<br><strong>\u0431\u0435\u0437\u043a\u043e\u0448\u0442\u043e\u0432\u043d\u0443 \u043a\u043e\u043d\u0441\u0443\u043b\u044c\u0442\u0430\u0446\u0456\u044e<\/strong><\/h2>\n\t\t\t\t\t\t\t\t\t\t\t\t\t\t\t\t<div class=\"contact__txt txt txt--first-paragraph-big\"><p><strong>\u041c\u0438 \u043e\u0431\u0433\u043e\u0432\u043e\u0440\u0438\u043c\u043e \u0432\u0430\u0448\u0443 \u043f\u043e\u0442\u043e\u0447\u043d\u0443 \u0441\u0438\u0442\u0443\u0430\u0446\u0456\u044e, \u0432\u0430\u0448\u0456 \u043f\u043b\u0430\u043d\u0438, \u0446\u0456\u043b\u0456 \u0442\u0430 \u0432\u0438\u043a\u043b\u0438\u043a\u0438, \u0430 \u043f\u043e\u0442\u0456\u043c \u0440\u0430\u0437\u043e\u043c \u0441\u043a\u043b\u0430\u0434\u0435\u043c\u043e \u043f\u043b\u0430\u043d \u0434\u0456\u0439 \u0434\u043b\u044f \u0432\u0430\u0441 \u0456 \u0432\u0430\u0448\u043e\u0433\u043e \u0431\u0456\u0437\u043d\u0435\u0441\u0443.<\/strong><\/p>\n<p>\u0417\u0432&#8217;\u044f\u0436\u0456\u0442\u044c\u0441\u044f \u0437 \u043d\u0430\u043c\u0438 \u0437\u0440\u0443\u0447\u043d\u0438\u043c \u0434\u043b\u044f \u0432\u0430\u0441 \u0441\u043f\u043e\u0441\u043e\u0431\u043e\u043c: \u0437\u0430\u0442\u0435\u043b\u0435\u0444\u043e\u043d\u0443\u0439\u0442\u0435, \u043d\u0430\u043f\u0438\u0448\u0456\u0442\u044c \u043d\u0430\u043c \u0430\u0431\u043e \u0441\u043a\u043e\u0440\u0438\u0441\u0442\u0430\u0439\u0442\u0435\u0441\u044f \u043a\u043e\u043d\u0442\u0430\u043a\u0442\u043d\u043e\u044e \u0444\u043e\u0440\u043c\u043e\u044e, \u0456 \u043c\u0438 \u0437\u0432&#8217;\u044f\u0436\u0435\u043c\u043e\u0441\u044f \u0437 \u0432\u0430\u043c\u0438 \u043f\u0440\u043e\u0442\u044f\u0433\u043e\u043c 24 \u0433\u043e\u0434\u0438\u043d.<\/p>\n<\/div>\n\t\t\t\t\t\t\t\t\t\t<div class=\"contact__links\">\n\t\t\t\t\t\t<div class=\"contact__link\">\n\t\t\t\t\t\t\t\t\t\t\t\t\t\t\t<a href=\"tel:+48694122000\" class=\"header-mobile-link\"><i class=\"fa-sharp fa-regular fa-phone\"><\/i><\/a>\n\t\t\t\t\t\t\t\t\t\t\t\t\t\t<div class=\"contact__wrap\">\n\t\t\t\t\t\t\t\t<span>\u0442\u0435\u043b\u0435\u0444\u043e\u043d<\/span>\n\t\t\t\t\t\t\t\t<a href=\"tel:+48694122000\">+48 694 122 000<\/a>\n\t\t\t\t\t\t\t<\/div>\n\t\t\t\t\t\t<\/div>\n\t\t\t\t\t\t<div class=\"contact__link\">\n\t\t\t\t\t\t\t\t\t\t\t\t\t\t\t<a href=\"mailto:biuro@k2consult.pl\" class=\"header-mobile-link\"><i class=\"fa-sharp fa-regular fa-envelope-open\"><\/i><\/a>\n\t\t\t\t\t\t\t\t<div class=\"contact__wrap\">\n\t\t\t\t\t\t\t\t\t<span>\u0430\u0434\u0440\u0435\u0441\u0430 \u0435\u043b\u0435\u043a\u0442\u0440\u043e\u043d\u043d\u043e\u0457 \u043f\u043e\u0448\u0442\u0438<\/span>\n\t\t\t\t\t\t\t\t\t<a href=\"mailto:biuro@k2consult.pl\">biuro@k2consult.pl<\/a>\n\t\t\t\t\t\t\t\t<\/div>\n\t\t\t\t\t\t\t\t\t\t\t\t\t<\/div>\n\t\t\t\t\t<\/div>\n\t\t\t\t<\/div>\n\t\t\t<\/div>\n\t\t\t<div class=\"col-12 col-xl-6\" data-aos=\"fade-up\" data-aos-offset=\"200\">\n\t\t\t\t<div class=\"contact__container\">\n\t\t\t\t\t\t\t\t\t\t\t<h3 class=\"contact__label label-green\">\u0437\u0430\u043f\u043e\u0432\u043d\u0438\u0442\u0438 \u0444\u043e\u0440\u043c\u0443<\/h3>\n\t\t\t\t\t\t\t\t\t\t\t\t\t\t\t\t\n<div class=\"wpcf7 no-js\" id=\"wpcf7-f135-o1\" lang=\"uk\" dir=\"ltr\" data-wpcf7-id=\"135\">\n<div class=\"screen-reader-response\"><p role=\"status\" aria-live=\"polite\" aria-atomic=\"true\"><\/p> <ul><\/ul><\/div>\n<form action=\"\/uk\/wp-json\/wp\/v2\/pages\/153#wpcf7-f135-o1\" method=\"post\" class=\"wpcf7-form init wpcf7-acceptance-as-validation\" aria-label=\"Contact form\" novalidate=\"novalidate\" data-status=\"init\">\n<div style=\"display: none;\">\n<input type=\"hidden\" name=\"_wpcf7\" value=\"135\" \/>\n<input type=\"hidden\" name=\"_wpcf7_version\" value=\"6.0.2\" \/>\n<input type=\"hidden\" name=\"_wpcf7_locale\" value=\"uk\" \/>\n<input type=\"hidden\" name=\"_wpcf7_unit_tag\" value=\"wpcf7-f135-o1\" \/>\n<input type=\"hidden\" name=\"_wpcf7_container_post\" value=\"0\" \/>\n<input type=\"hidden\" name=\"_wpcf7_posted_data_hash\" value=\"\" \/>\n<\/div>\n<div class=\"contact-form\">\n\t<div class=\"contact-form__email\">\n\t\t<label class=\"contact-form__label\">\u0410\u0434\u0440\u0435\u0441\u0430 \u0435\u043b\u0435\u043a\u0442\u0440\u043e\u043d\u043d\u043e\u0457 \u043f\u043e\u0448\u0442\u0438*<\/label>\n\t\t<span class=\"wpcf7-form-control-wrap\" data-name=\"user-email\"><input size=\"40\" maxlength=\"400\" class=\"wpcf7-form-control wpcf7-email wpcf7-validates-as-required wpcf7-text wpcf7-validates-as-email contact-form__input\" aria-required=\"true\" aria-invalid=\"false\" value=\"\" type=\"email\" name=\"user-email\" \/><\/span>\n\t<\/div>\n\t<div class=\"contact-form__user\">\n\t\t<label class=\"contact-form__label\">\u041d\u043e\u043c\u0435\u0440 \u0442\u0435\u043b\u0435\u0444\u043e\u043d\u0443*<\/label>\n\t\t<span class=\"wpcf7-form-control-wrap\" data-name=\"user-phone\"><input size=\"40\" maxlength=\"400\" class=\"wpcf7-form-control wpcf7-tel wpcf7-validates-as-required wpcf7-text wpcf7-validates-as-tel contact-form__input\" aria-required=\"true\" aria-invalid=\"false\" value=\"\" type=\"tel\" name=\"user-phone\" \/><\/span>\n\t<\/div>\n\t<label for=\"terms\" class=\"contact-form__checkbox\">\n\t\t<div class=\"contact-form__acceptance\">\n\t\t\t<span class=\"wpcf7-form-control-wrap\" data-name=\"user-accept\"><span class=\"wpcf7-form-control wpcf7-acceptance\"><span class=\"wpcf7-list-item\"><input type=\"checkbox\" name=\"user-accept\" value=\"1\" class=\"contact-form__user-accept\" id=\"terms\" aria-invalid=\"false\" \/><\/span><\/span><\/span>\n\t\t<\/div>\n\t\t<div class=\"contact-form__checkbox-mark\">\n\t\t\t<i class=\"fa-sharp fa-regular fa-check\"><\/i>\n\t\t<\/div>\n\t\t<p class=\"contact-form__term\">\u0412\u0456\u0434\u043f\u0440\u0430\u0432\u043b\u044f\u044e\u0447\u0438 \u043f\u043e\u0432\u0456\u0434\u043e\u043c\u043b\u0435\u043d\u043d\u044f, \u044f \u043f\u043e\u0433\u043e\u0434\u0436\u0443\u044e\u0441\u044f \u0437 <a href=\"\/\u043f\u043e\u043b\u0456\u0442\u0438\u043a\u043e\u044e=\u043a\u043e\u043d\u0444\u0456\u0434\u0435\u043d\u0446\u0456\u0439\u043d\u043e\u0441\u0442\u0456\">\u043f\u043e\u043b\u0456\u0442\u0438\u043a\u043e\u044e \u043a\u043e\u043d\u0444\u0456\u0434\u0435\u043d\u0446\u0456\u0439\u043d\u043e\u0441\u0442\u0456<\/a> \u0442\u0430 \u043f\u0440\u0438\u0439\u043c\u0430\u044e \u0457\u0457<\/p>\n\t<\/label>\n<button class=\"btn\">\n<input class=\"wpcf7-form-control wpcf7-submit has-spinner contact-form__submit\" type=\"submit\" value=\"\u041d\u0430\u0434\u0456\u0441\u043b\u0430\u0442\u0438 \u0437\u0430\u043f\u0438\u0442\" \/>\n<\/button>\n<\/div><div class=\"wpcf7-response-output\" aria-hidden=\"true\"><\/div>\n<\/form>\n<\/div>\n\n\t\t\t\t\t\t\t\t\t<\/div>\n\t\t\t<\/div>\n\t\t<\/div>\n\t<\/div>\n<\/section>\n","protected":false},"excerpt":{"rendered":"","protected":false},"author":1,"featured_media":0,"parent":0,"menu_order":0,"comment_status":"closed","ping_status":"closed","template":"","meta":{"_acf_changed":false,"footnotes":""},"class_list":["post-153","page","type-page","status-publish","hentry"],"acf":[],"yoast_head":"<!-- This site is optimized with the Yoast SEO plugin v24.1 - https:\/\/yoast.com\/wordpress\/plugins\/seo\/ -->\n<title>\u0417\u0432&#039;\u044f\u0437\u043a\u0456\u0432\u0446\u0456 - Ksi\u0119gowo\u015b\u0107 i kompleksowe wsparcie dla firm | K2 Consult<\/title>\n<meta name=\"robots\" content=\"noindex, follow, max-snippet:-1, max-image-preview:large, max-video-preview:-1\" \/>\n<meta property=\"og:locale\" content=\"uk_UA\" \/>\n<meta property=\"og:type\" content=\"article\" \/>\n<meta property=\"og:title\" content=\"\u0417\u0432&#039;\u044f\u0437\u043a\u0456\u0432\u0446\u0456 - Ksi\u0119gowo\u015b\u0107 i kompleksowe wsparcie dla firm | K2 Consult\" \/>\n<meta property=\"og:url\" content=\"https:\/\/k2consult.pl\/uk\/%d0%b7%d0%b2%d1%8f%d0%b7%d0%ba%d1%96%d0%b2%d1%86%d1%96\/\" \/>\n<meta property=\"og:site_name\" content=\"Ksi\u0119gowo\u015b\u0107 i kompleksowe wsparcie dla firm | K2 Consult\" \/>\n<meta property=\"article:modified_time\" content=\"2025-01-28T07:27:12+00:00\" \/>\n<meta name=\"twitter:card\" content=\"summary_large_image\" \/>\n<script type=\"application\/ld+json\" class=\"yoast-schema-graph\">{\"@context\":\"https:\/\/schema.org\",\"@graph\":[{\"@type\":\"WebPage\",\"@id\":\"https:\/\/k2consult.pl\/uk\/%d0%b7%d0%b2%d1%8f%d0%b7%d0%ba%d1%96%d0%b2%d1%86%d1%96\/\",\"url\":\"https:\/\/k2consult.pl\/uk\/%d0%b7%d0%b2%d1%8f%d0%b7%d0%ba%d1%96%d0%b2%d1%86%d1%96\/\",\"name\":\"\u0417\u0432'\u044f\u0437\u043a\u0456\u0432\u0446\u0456 - Ksi\u0119gowo\u015b\u0107 i kompleksowe wsparcie dla firm | K2 Consult\",\"isPartOf\":{\"@id\":\"https:\/\/k2consult.pl\/uk\/#website\"},\"datePublished\":\"2024-12-23T12:02:31+00:00\",\"dateModified\":\"2025-01-28T07:27:12+00:00\",\"breadcrumb\":{\"@id\":\"https:\/\/k2consult.pl\/uk\/%d0%b7%d0%b2%d1%8f%d0%b7%d0%ba%d1%96%d0%b2%d1%86%d1%96\/#breadcrumb\"},\"inLanguage\":\"uk\",\"potentialAction\":[{\"@type\":\"ReadAction\",\"target\":[\"https:\/\/k2consult.pl\/uk\/%d0%b7%d0%b2%d1%8f%d0%b7%d0%ba%d1%96%d0%b2%d1%86%d1%96\/\"]}]},{\"@type\":\"BreadcrumbList\",\"@id\":\"https:\/\/k2consult.pl\/uk\/%d0%b7%d0%b2%d1%8f%d0%b7%d0%ba%d1%96%d0%b2%d1%86%d1%96\/#breadcrumb\",\"itemListElement\":[{\"@type\":\"ListItem\",\"position\":1,\"name\":\"Home\",\"item\":\"https:\/\/k2consult.pl\/uk\/\"},{\"@type\":\"ListItem\",\"position\":2,\"name\":\"\u0417\u0432&#8217;\u044f\u0437\u043a\u0456\u0432\u0446\u0456\"}]},{\"@type\":\"WebSite\",\"@id\":\"https:\/\/k2consult.pl\/uk\/#website\",\"url\":\"https:\/\/k2consult.pl\/uk\/\",\"name\":\"Ksi\u0119gowo\u015b\u0107 i kompleksowe wsparcie dla firm | K2 Consult\",\"description\":\"\",\"potentialAction\":[{\"@type\":\"SearchAction\",\"target\":{\"@type\":\"EntryPoint\",\"urlTemplate\":\"https:\/\/k2consult.pl\/uk\/?s={search_term_string}\"},\"query-input\":{\"@type\":\"PropertyValueSpecification\",\"valueRequired\":true,\"valueName\":\"search_term_string\"}}],\"inLanguage\":\"uk\"}]}<\/script>\n<!-- \/ Yoast SEO plugin. -->","yoast_head_json":{"title":"\u0417\u0432'\u044f\u0437\u043a\u0456\u0432\u0446\u0456 - Ksi\u0119gowo\u015b\u0107 i kompleksowe wsparcie dla firm | K2 Consult","robots":{"index":"noindex","follow":"follow","max-snippet":"max-snippet:-1","max-image-preview":"max-image-preview:large","max-video-preview":"max-video-preview:-1"},"og_locale":"uk_UA","og_type":"article","og_title":"\u0417\u0432'\u044f\u0437\u043a\u0456\u0432\u0446\u0456 - Ksi\u0119gowo\u015b\u0107 i kompleksowe wsparcie dla firm | K2 Consult","og_url":"https:\/\/k2consult.pl\/uk\/%d0%b7%d0%b2%d1%8f%d0%b7%d0%ba%d1%96%d0%b2%d1%86%d1%96\/","og_site_name":"Ksi\u0119gowo\u015b\u0107 i kompleksowe wsparcie dla firm | K2 Consult","article_modified_time":"2025-01-28T07:27:12+00:00","twitter_card":"summary_large_image","schema":{"@context":"https:\/\/schema.org","@graph":[{"@type":"WebPage","@id":"https:\/\/k2consult.pl\/uk\/%d0%b7%d0%b2%d1%8f%d0%b7%d0%ba%d1%96%d0%b2%d1%86%d1%96\/","url":"https:\/\/k2consult.pl\/uk\/%d0%b7%d0%b2%d1%8f%d0%b7%d0%ba%d1%96%d0%b2%d1%86%d1%96\/","name":"\u0417\u0432'\u044f\u0437\u043a\u0456\u0432\u0446\u0456 - Ksi\u0119gowo\u015b\u0107 i kompleksowe wsparcie dla firm | K2 Consult","isPartOf":{"@id":"https:\/\/k2consult.pl\/uk\/#website"},"datePublished":"2024-12-23T12:02:31+00:00","dateModified":"2025-01-28T07:27:12+00:00","breadcrumb":{"@id":"https:\/\/k2consult.pl\/uk\/%d0%b7%d0%b2%d1%8f%d0%b7%d0%ba%d1%96%d0%b2%d1%86%d1%96\/#breadcrumb"},"inLanguage":"uk","potentialAction":[{"@type":"ReadAction","target":["https:\/\/k2consult.pl\/uk\/%d0%b7%d0%b2%d1%8f%d0%b7%d0%ba%d1%96%d0%b2%d1%86%d1%96\/"]}]},{"@type":"BreadcrumbList","@id":"https:\/\/k2consult.pl\/uk\/%d0%b7%d0%b2%d1%8f%d0%b7%d0%ba%d1%96%d0%b2%d1%86%d1%96\/#breadcrumb","itemListElement":[{"@type":"ListItem","position":1,"name":"Home","item":"https:\/\/k2consult.pl\/uk\/"},{"@type":"ListItem","position":2,"name":"\u0417\u0432&#8217;\u044f\u0437\u043a\u0456\u0432\u0446\u0456"}]},{"@type":"WebSite","@id":"https:\/\/k2consult.pl\/uk\/#website","url":"https:\/\/k2consult.pl\/uk\/","name":"Ksi\u0119gowo\u015b\u0107 i kompleksowe wsparcie dla firm | K2 Consult","description":"","potentialAction":[{"@type":"SearchAction","target":{"@type":"EntryPoint","urlTemplate":"https:\/\/k2consult.pl\/uk\/?s={search_term_string}"},"query-input":{"@type":"PropertyValueSpecification","valueRequired":true,"valueName":"search_term_string"}}],"inLanguage":"uk"}]}},"_links":{"self":[{"href":"https:\/\/k2consult.pl\/uk\/wp-json\/wp\/v2\/pages\/153","targetHints":{"allow":["GET"]}}],"collection":[{"href":"https:\/\/k2consult.pl\/uk\/wp-json\/wp\/v2\/pages"}],"about":[{"href":"https:\/\/k2consult.pl\/uk\/wp-json\/wp\/v2\/types\/page"}],"author":[{"embeddable":true,"href":"https:\/\/k2consult.pl\/uk\/wp-json\/wp\/v2\/users\/1"}],"replies":[{"embeddable":true,"href":"https:\/\/k2consult.pl\/uk\/wp-json\/wp\/v2\/comments?post=153"}],"version-history":[{"count":3,"href":"https:\/\/k2consult.pl\/uk\/wp-json\/wp\/v2\/pages\/153\/revisions"}],"predecessor-version":[{"id":186,"href":"https:\/\/k2consult.pl\/uk\/wp-json\/wp\/v2\/pages\/153\/revisions\/186"}],"wp:attachment":[{"href":"https:\/\/k2consult.pl\/uk\/wp-json\/wp\/v2\/media?parent=153"}],"curies":[{"name":"wp","href":"https:\/\/api.w.org\/{rel}","templated":true}]}}